{"id":22242,"date":"2026-03-03T15:46:38","date_gmt":"2026-03-03T14:46:38","guid":{"rendered":"https:\/\/www.toptextil.pl\/vanzari-cu-amanuntul\/"},"modified":"2026-03-04T15:26:35","modified_gmt":"2026-03-04T14:26:35","slug":"vanzari-cu-amanuntul","status":"publish","type":"page","link":"https:\/\/www.toptextil.pl\/ro\/vanzari-cu-amanuntul\/","title":{"rendered":"V\u00e2nz\u0103ri cu am\u0103nuntul"},"content":{"rendered":"","protected":false},"excerpt":{"rendered":"","protected":false},"author":5,"featured_media":0,"parent":0,"menu_order":0,"comment_status":"closed","ping_status":"closed","template":"","meta":{"footnotes":""},"class_list":["post-22242","page","type-page","status-publish","hentry"],"_links":{"self":[{"href":"https:\/\/www.toptextil.pl\/ro\/wp-json\/wp\/v2\/pages\/22242","targetHints":{"allow":["GET"]}}],"collection":[{"href":"https:\/\/www.toptextil.pl\/ro\/wp-json\/wp\/v2\/pages"}],"about":[{"href":"https:\/\/www.toptextil.pl\/ro\/wp-json\/wp\/v2\/types\/page"}],"author":[{"embeddable":true,"href":"https:\/\/www.toptextil.pl\/ro\/wp-json\/wp\/v2\/users\/5"}],"replies":[{"embeddable":true,"href":"https:\/\/www.toptextil.pl\/ro\/wp-json\/wp\/v2\/comments?post=22242"}],"version-history":[{"count":3,"href":"https:\/\/www.toptextil.pl\/ro\/wp-json\/wp\/v2\/pages\/22242\/revisions"}],"predecessor-version":[{"id":22360,"href":"https:\/\/www.toptextil.pl\/ro\/wp-json\/wp\/v2\/pages\/22242\/revisions\/22360"}],"wp:attachment":[{"href":"https:\/\/www.toptextil.pl\/ro\/wp-json\/wp\/v2\/media?parent=22242"}],"curies":[{"name":"wp","href":"https:\/\/api.w.org\/{rel}","templated":true}]}}